{"id":56456,"date":"2021-04-08T14:36:02","date_gmt":"2021-04-08T12:36:02","guid":{"rendered":"https:\/\/grata.templweb.com\/sportverbaende-der-komplette-streaming-dienst-fuer-alle-sportarten\/"},"modified":"2021-04-08T14:36:02","modified_gmt":"2021-04-08T12:36:02","slug":"sportverbaende-der-komplette-streaming-dienst-fuer-alle-sportarten","status":"publish","type":"page","link":"https:\/\/grata.templweb.com\/de\/sportverbaende-der-komplette-streaming-dienst-fuer-alle-sportarten\/","title":{"rendered":"Sportverb\u00e4nde | Der komplette Streaming-Dienst f\u00fcr alle Sportarten"},"content":{"rendered":"","protected":false},"excerpt":{"rendered":"","protected":false},"author":1,"featured_media":0,"parent":0,"menu_order":0,"comment_status":"closed","ping_status":"closed","template":"","meta":{"_et_pb_use_builder":"on","_et_pb_old_content":"","_et_gb_content_width":"","content-type":"","footnotes":""},"class_list":["post-56456","page","type-page","status-publish","hentry"],"yoast_head":"<!-- This site is optimized with the Yoast SEO plugin v25.1 - https:\/\/yoast.com\/wordpress\/plugins\/seo\/ -->\n<title>Sportverb\u00e4nde | Der komplette Streaming-Dienst f\u00fcr alle Sportarten - Solidsport - All sports. Everywhere.<\/title>\n<meta name=\"description\" content=\"Solidsport bietet einen kompletten Streaming-Dienst f\u00fcr Sportverb\u00e4nde, die auf ihren Sport aufmerksam machen und ihn digitalisieren wollen, um online eine gr\u00f6\u00dfere Reichweite zu erzielen. Mit Solidsport ist es einfacher denn je, einen Sport in allen Leistungsklassen einem gr\u00f6\u00dferen Publikum zug\u00e4nglich zu machen und dabei neue Einnahmequellen f\u00fcr alle Teams, Vereine und Events zu erschlie\u00dfen.\" \/>\n<meta name=\"robots\" content=\"noindex, follow, max-snippet:-1, max-image-preview:large, max-video-preview:-1\" \/>\n<meta property=\"og:locale\" content=\"de_DE\" \/>\n<meta property=\"og:type\" content=\"article\" \/>\n<meta property=\"og:title\" content=\"Sportverb\u00e4nde | Der komplette Streaming-Dienst f\u00fcr alle Sportarten - Solidsport - All sports. Everywhere.\" \/>\n<meta property=\"og:description\" content=\"Solidsport bietet einen kompletten Streaming-Dienst f\u00fcr Sportverb\u00e4nde, die auf ihren Sport aufmerksam machen und ihn digitalisieren wollen, um online eine gr\u00f6\u00dfere Reichweite zu erzielen. Mit Solidsport ist es einfacher denn je, einen Sport in allen Leistungsklassen einem gr\u00f6\u00dferen Publikum zug\u00e4nglich zu machen und dabei neue Einnahmequellen f\u00fcr alle Teams, Vereine und Events zu erschlie\u00dfen.\" \/>\n<meta property=\"og:url\" content=\"https:\/\/grata.templweb.com\/sv\/sportverbaende-der-komplette-streaming-dienst-fuer-alle-sportarten\/\" \/>\n<meta property=\"og:site_name\" content=\"Solidsport - All sports. Everywhere.\" \/>\n<meta property=\"article:publisher\" content=\"https:\/\/www.facebook.com\/solidsportsverige\" \/>\n<meta property=\"og:image\" content=\"https:\/\/grata.templweb.com\/wp-content\/uploads\/2020\/12\/logo_square_110@2x-81032e94e2ccc34840ec67ff70549fe86cdd0f9e5a7499758ef5b917d61f2dc4-1.png\" \/>\n\t<meta property=\"og:image:width\" content=\"220\" \/>\n\t<meta property=\"og:image:height\" content=\"220\" \/>\n\t<meta property=\"og:image:type\" content=\"image\/png\" \/>\n<meta name=\"twitter:card\" content=\"summary_large_image\" \/>\n<script type=\"application\/ld+json\" class=\"yoast-schema-graph\">{\"@context\":\"https:\/\/schema.org\",\"@graph\":[{\"@type\":\"WebPage\",\"@id\":\"https:\/\/grata.templweb.com\/sv\/sportverbaende-der-komplette-streaming-dienst-fuer-alle-sportarten\/\",\"url\":\"https:\/\/grata.templweb.com\/sv\/sportverbaende-der-komplette-streaming-dienst-fuer-alle-sportarten\/\",\"name\":\"Sportverb\u00e4nde | Der komplette Streaming-Dienst f\u00fcr alle Sportarten - Solidsport - All sports. Everywhere.\",\"isPartOf\":{\"@id\":\"https:\/\/grata.templweb.com\/sv\/#website\"},\"datePublished\":\"2021-04-08T12:36:02+00:00\",\"description\":\"Solidsport bietet einen kompletten Streaming-Dienst f\u00fcr Sportverb\u00e4nde, die auf ihren Sport aufmerksam machen und ihn digitalisieren wollen, um online eine gr\u00f6\u00dfere Reichweite zu erzielen. Mit Solidsport ist es einfacher denn je, einen Sport in allen Leistungsklassen einem gr\u00f6\u00dferen Publikum zug\u00e4nglich zu machen und dabei neue Einnahmequellen f\u00fcr alle Teams, Vereine und Events zu erschlie\u00dfen.\",\"breadcrumb\":{\"@id\":\"https:\/\/grata.templweb.com\/sv\/sportverbaende-der-komplette-streaming-dienst-fuer-alle-sportarten\/#breadcrumb\"},\"inLanguage\":\"de\",\"potentialAction\":[{\"@type\":\"ReadAction\",\"target\":[\"https:\/\/grata.templweb.com\/sv\/sportverbaende-der-komplette-streaming-dienst-fuer-alle-sportarten\/\"]}]},{\"@type\":\"BreadcrumbList\",\"@id\":\"https:\/\/grata.templweb.com\/sv\/sportverbaende-der-komplette-streaming-dienst-fuer-alle-sportarten\/#breadcrumb\",\"itemListElement\":[{\"@type\":\"ListItem\",\"position\":1,\"name\":\"Hem\",\"item\":\"https:\/\/grata.templweb.com\/de\/\"},{\"@type\":\"ListItem\",\"position\":2,\"name\":\"Sportverb\u00e4nde | Der komplette Streaming-Dienst f\u00fcr alle Sportarten\"}]},{\"@type\":\"WebSite\",\"@id\":\"https:\/\/grata.templweb.com\/sv\/#website\",\"url\":\"https:\/\/grata.templweb.com\/sv\/\",\"name\":\"Solidsport - All sports. Everywhere.\",\"description\":\"Broadcast your sport. Earn money for the team.\",\"publisher\":{\"@id\":\"https:\/\/grata.templweb.com\/sv\/#organization\"},\"potentialAction\":[{\"@type\":\"SearchAction\",\"target\":{\"@type\":\"EntryPoint\",\"urlTemplate\":\"https:\/\/grata.templweb.com\/sv\/?s={search_term_string}\"},\"query-input\":{\"@type\":\"PropertyValueSpecification\",\"valueRequired\":true,\"valueName\":\"search_term_string\"}}],\"inLanguage\":\"de\"},{\"@type\":\"Organization\",\"@id\":\"https:\/\/grata.templweb.com\/sv\/#organization\",\"name\":\"Solidsport\",\"url\":\"https:\/\/grata.templweb.com\/sv\/\",\"logo\":{\"@type\":\"ImageObject\",\"inLanguage\":\"de\",\"@id\":\"https:\/\/grata.templweb.com\/sv\/#\/schema\/logo\/image\/\",\"url\":\"https:\/\/grata.templweb.com\/wp-content\/uploads\/2020\/12\/logo_square_110@2x-81032e94e2ccc34840ec67ff70549fe86cdd0f9e5a7499758ef5b917d61f2dc4-1.png\",\"contentUrl\":\"https:\/\/grata.templweb.com\/wp-content\/uploads\/2020\/12\/logo_square_110@2x-81032e94e2ccc34840ec67ff70549fe86cdd0f9e5a7499758ef5b917d61f2dc4-1.png\",\"width\":220,\"height\":220,\"caption\":\"Solidsport\"},\"image\":{\"@id\":\"https:\/\/grata.templweb.com\/sv\/#\/schema\/logo\/image\/\"},\"sameAs\":[\"https:\/\/www.facebook.com\/solidsportsverige\",\"https:\/\/www.instagram.com\/solidsport_sverige\/\",\"https:\/\/www.linkedin.com\/company\/solidsportcom\/\"]}]}<\/script>\n<!-- \/ Yoast SEO plugin. -->","yoast_head_json":{"title":"Sportverb\u00e4nde | Der komplette Streaming-Dienst f\u00fcr alle Sportarten - Solidsport - All sports. Everywhere.","description":"Solidsport bietet einen kompletten Streaming-Dienst f\u00fcr Sportverb\u00e4nde, die auf ihren Sport aufmerksam machen und ihn digitalisieren wollen, um online eine gr\u00f6\u00dfere Reichweite zu erzielen. Mit Solidsport ist es einfacher denn je, einen Sport in allen Leistungsklassen einem gr\u00f6\u00dferen Publikum zug\u00e4nglich zu machen und dabei neue Einnahmequellen f\u00fcr alle Teams, Vereine und Events zu erschlie\u00dfen.","robots":{"index":"noindex","follow":"follow","max-snippet":"max-snippet:-1","max-image-preview":"max-image-preview:large","max-video-preview":"max-video-preview:-1"},"og_locale":"de_DE","og_type":"article","og_title":"Sportverb\u00e4nde | Der komplette Streaming-Dienst f\u00fcr alle Sportarten - Solidsport - All sports. Everywhere.","og_description":"Solidsport bietet einen kompletten Streaming-Dienst f\u00fcr Sportverb\u00e4nde, die auf ihren Sport aufmerksam machen und ihn digitalisieren wollen, um online eine gr\u00f6\u00dfere Reichweite zu erzielen. Mit Solidsport ist es einfacher denn je, einen Sport in allen Leistungsklassen einem gr\u00f6\u00dferen Publikum zug\u00e4nglich zu machen und dabei neue Einnahmequellen f\u00fcr alle Teams, Vereine und Events zu erschlie\u00dfen.","og_url":"https:\/\/grata.templweb.com\/sv\/sportverbaende-der-komplette-streaming-dienst-fuer-alle-sportarten\/","og_site_name":"Solidsport - All sports. Everywhere.","article_publisher":"https:\/\/www.facebook.com\/solidsportsverige","og_image":[{"width":220,"height":220,"url":"https:\/\/grata.templweb.com\/wp-content\/uploads\/2020\/12\/logo_square_110@2x-81032e94e2ccc34840ec67ff70549fe86cdd0f9e5a7499758ef5b917d61f2dc4-1.png","type":"image\/png"}],"twitter_card":"summary_large_image","schema":{"@context":"https:\/\/schema.org","@graph":[{"@type":"WebPage","@id":"https:\/\/grata.templweb.com\/sv\/sportverbaende-der-komplette-streaming-dienst-fuer-alle-sportarten\/","url":"https:\/\/grata.templweb.com\/sv\/sportverbaende-der-komplette-streaming-dienst-fuer-alle-sportarten\/","name":"Sportverb\u00e4nde | Der komplette Streaming-Dienst f\u00fcr alle Sportarten - Solidsport - All sports. Everywhere.","isPartOf":{"@id":"https:\/\/grata.templweb.com\/sv\/#website"},"datePublished":"2021-04-08T12:36:02+00:00","description":"Solidsport bietet einen kompletten Streaming-Dienst f\u00fcr Sportverb\u00e4nde, die auf ihren Sport aufmerksam machen und ihn digitalisieren wollen, um online eine gr\u00f6\u00dfere Reichweite zu erzielen. Mit Solidsport ist es einfacher denn je, einen Sport in allen Leistungsklassen einem gr\u00f6\u00dferen Publikum zug\u00e4nglich zu machen und dabei neue Einnahmequellen f\u00fcr alle Teams, Vereine und Events zu erschlie\u00dfen.","breadcrumb":{"@id":"https:\/\/grata.templweb.com\/sv\/sportverbaende-der-komplette-streaming-dienst-fuer-alle-sportarten\/#breadcrumb"},"inLanguage":"de","potentialAction":[{"@type":"ReadAction","target":["https:\/\/grata.templweb.com\/sv\/sportverbaende-der-komplette-streaming-dienst-fuer-alle-sportarten\/"]}]},{"@type":"BreadcrumbList","@id":"https:\/\/grata.templweb.com\/sv\/sportverbaende-der-komplette-streaming-dienst-fuer-alle-sportarten\/#breadcrumb","itemListElement":[{"@type":"ListItem","position":1,"name":"Hem","item":"https:\/\/grata.templweb.com\/de\/"},{"@type":"ListItem","position":2,"name":"Sportverb\u00e4nde | Der komplette Streaming-Dienst f\u00fcr alle Sportarten"}]},{"@type":"WebSite","@id":"https:\/\/grata.templweb.com\/sv\/#website","url":"https:\/\/grata.templweb.com\/sv\/","name":"Solidsport - All sports. Everywhere.","description":"Broadcast your sport. Earn money for the team.","publisher":{"@id":"https:\/\/grata.templweb.com\/sv\/#organization"},"potentialAction":[{"@type":"SearchAction","target":{"@type":"EntryPoint","urlTemplate":"https:\/\/grata.templweb.com\/sv\/?s={search_term_string}"},"query-input":{"@type":"PropertyValueSpecification","valueRequired":true,"valueName":"search_term_string"}}],"inLanguage":"de"},{"@type":"Organization","@id":"https:\/\/grata.templweb.com\/sv\/#organization","name":"Solidsport","url":"https:\/\/grata.templweb.com\/sv\/","logo":{"@type":"ImageObject","inLanguage":"de","@id":"https:\/\/grata.templweb.com\/sv\/#\/schema\/logo\/image\/","url":"https:\/\/grata.templweb.com\/wp-content\/uploads\/2020\/12\/logo_square_110@2x-81032e94e2ccc34840ec67ff70549fe86cdd0f9e5a7499758ef5b917d61f2dc4-1.png","contentUrl":"https:\/\/grata.templweb.com\/wp-content\/uploads\/2020\/12\/logo_square_110@2x-81032e94e2ccc34840ec67ff70549fe86cdd0f9e5a7499758ef5b917d61f2dc4-1.png","width":220,"height":220,"caption":"Solidsport"},"image":{"@id":"https:\/\/grata.templweb.com\/sv\/#\/schema\/logo\/image\/"},"sameAs":["https:\/\/www.facebook.com\/solidsportsverige","https:\/\/www.instagram.com\/solidsport_sverige\/","https:\/\/www.linkedin.com\/company\/solidsportcom\/"]}]}},"_links":{"self":[{"href":"https:\/\/grata.templweb.com\/de\/wp-json\/wp\/v2\/pages\/56456","targetHints":{"allow":["GET"]}}],"collection":[{"href":"https:\/\/grata.templweb.com\/de\/wp-json\/wp\/v2\/pages"}],"about":[{"href":"https:\/\/grata.templweb.com\/de\/wp-json\/wp\/v2\/types\/page"}],"author":[{"embeddable":true,"href":"https:\/\/grata.templweb.com\/de\/wp-json\/wp\/v2\/users\/1"}],"replies":[{"embeddable":true,"href":"https:\/\/grata.templweb.com\/de\/wp-json\/wp\/v2\/comments?post=56456"}],"version-history":[{"count":0,"href":"https:\/\/grata.templweb.com\/de\/wp-json\/wp\/v2\/pages\/56456\/revisions"}],"wp:attachment":[{"href":"https:\/\/grata.templweb.com\/de\/wp-json\/wp\/v2\/media?parent=56456"}],"curies":[{"name":"wp","href":"https:\/\/api.w.org\/{rel}","templated":true}]}}