{"id":75709,"date":"2023-04-20T12:44:06","date_gmt":"2023-04-20T10:44:06","guid":{"rendered":"https:\/\/grata.templweb.com\/solidsport-produkt-loesungen\/"},"modified":"2023-04-20T12:44:06","modified_gmt":"2023-04-20T10:44:06","slug":"solidsport-produkt-loesungen","status":"publish","type":"page","link":"https:\/\/grata.templweb.com\/fi\/solidsport-produkt-loesungen\/","title":{"rendered":"Solidsport \u2013 Produkt &amp; L\u00f6sungen"},"content":{"rendered":"","protected":false},"excerpt":{"rendered":"","protected":false},"author":1,"featured_media":0,"parent":0,"menu_order":0,"comment_status":"closed","ping_status":"closed","template":"","meta":{"_et_pb_use_builder":"on","_et_pb_old_content":"","_et_gb_content_width":"","content-type":"","footnotes":""},"class_list":["post-75709","page","type-page","status-publish","hentry"],"yoast_head":"<!-- This site is optimized with the Yoast SEO plugin v25.1 - https:\/\/yoast.com\/wordpress\/plugins\/seo\/ -->\n<title>Solidsport \u2013 Produkt &amp; L\u00f6sungen -<\/title>\n<meta name=\"description\" content=\"Solidsport bietet eine komplette und ma\u00dfgeschneiderte Sport-Streaming-Plattform f\u00fcr Medienrechteinhaber, Sportverb\u00e4nde, Ligen und Vereine.\" \/>\n<meta name=\"robots\" content=\"noindex, follow, max-snippet:-1, max-image-preview:large, max-video-preview:-1\" \/>\n<meta property=\"og:locale\" content=\"fi_FI\" \/>\n<meta property=\"og:type\" content=\"article\" \/>\n<meta property=\"og:title\" content=\"Solidsport \u2013 Produkt &amp; L\u00f6sungen -\" \/>\n<meta property=\"og:description\" content=\"Solidsport bietet eine komplette und ma\u00dfgeschneiderte Sport-Streaming-Plattform f\u00fcr Medienrechteinhaber, Sportverb\u00e4nde, Ligen und Vereine.\" \/>\n<meta property=\"og:url\" content=\"https:\/\/grata.templweb.com\/sv\/solidsport-produkt-loesungen\/\" \/>\n<meta property=\"og:site_name\" content=\"Solidsport - All sports. Everywhere.\" \/>\n<meta property=\"article:publisher\" content=\"https:\/\/www.facebook.com\/solidsportsverige\" \/>\n<meta property=\"og:image\" content=\"https:\/\/grata.templweb.com\/wp-content\/uploads\/2020\/12\/logo_square_110@2x-81032e94e2ccc34840ec67ff70549fe86cdd0f9e5a7499758ef5b917d61f2dc4-1.png\" \/>\n\t<meta property=\"og:image:width\" content=\"220\" \/>\n\t<meta property=\"og:image:height\" content=\"220\" \/>\n\t<meta property=\"og:image:type\" content=\"image\/png\" \/>\n<meta name=\"twitter:card\" content=\"summary_large_image\" \/>\n<script type=\"application\/ld+json\" class=\"yoast-schema-graph\">{\"@context\":\"https:\/\/schema.org\",\"@graph\":[{\"@type\":\"WebPage\",\"@id\":\"https:\/\/grata.templweb.com\/sv\/solidsport-produkt-loesungen\/\",\"url\":\"https:\/\/grata.templweb.com\/sv\/solidsport-produkt-loesungen\/\",\"name\":\"Solidsport \u2013 Produkt &amp; L\u00f6sungen -\",\"isPartOf\":{\"@id\":\"https:\/\/grata.templweb.com\/sv\/#website\"},\"datePublished\":\"2023-04-20T10:44:06+00:00\",\"description\":\"Solidsport bietet eine komplette und ma\u00dfgeschneiderte Sport-Streaming-Plattform f\u00fcr Medienrechteinhaber, Sportverb\u00e4nde, Ligen und Vereine.\",\"breadcrumb\":{\"@id\":\"https:\/\/grata.templweb.com\/sv\/solidsport-produkt-loesungen\/#breadcrumb\"},\"inLanguage\":\"fi\",\"potentialAction\":[{\"@type\":\"ReadAction\",\"target\":[\"https:\/\/grata.templweb.com\/sv\/solidsport-produkt-loesungen\/\"]}]},{\"@type\":\"BreadcrumbList\",\"@id\":\"https:\/\/grata.templweb.com\/sv\/solidsport-produkt-loesungen\/#breadcrumb\",\"itemListElement\":[{\"@type\":\"ListItem\",\"position\":1,\"name\":\"Hem\",\"item\":\"https:\/\/grata.templweb.com\/sv\/\"},{\"@type\":\"ListItem\",\"position\":2,\"name\":\"Solidsport \u2013 Produkt &amp; L\u00f6sungen\"}]},{\"@type\":\"WebSite\",\"@id\":\"https:\/\/grata.templweb.com\/sv\/#website\",\"url\":\"https:\/\/grata.templweb.com\/sv\/\",\"name\":\"Solidsport - All sports. Everywhere.\",\"description\":\"Broadcast your sport. Earn money for the team.\",\"publisher\":{\"@id\":\"https:\/\/grata.templweb.com\/sv\/#organization\"},\"potentialAction\":[{\"@type\":\"SearchAction\",\"target\":{\"@type\":\"EntryPoint\",\"urlTemplate\":\"https:\/\/grata.templweb.com\/sv\/?s={search_term_string}\"},\"query-input\":{\"@type\":\"PropertyValueSpecification\",\"valueRequired\":true,\"valueName\":\"search_term_string\"}}],\"inLanguage\":\"fi\"},{\"@type\":\"Organization\",\"@id\":\"https:\/\/grata.templweb.com\/sv\/#organization\",\"name\":\"Solidsport\",\"url\":\"https:\/\/grata.templweb.com\/sv\/\",\"logo\":{\"@type\":\"ImageObject\",\"inLanguage\":\"fi\",\"@id\":\"https:\/\/grata.templweb.com\/sv\/#\/schema\/logo\/image\/\",\"url\":\"https:\/\/grata.templweb.com\/wp-content\/uploads\/2020\/12\/logo_square_110@2x-81032e94e2ccc34840ec67ff70549fe86cdd0f9e5a7499758ef5b917d61f2dc4-1.png\",\"contentUrl\":\"https:\/\/grata.templweb.com\/wp-content\/uploads\/2020\/12\/logo_square_110@2x-81032e94e2ccc34840ec67ff70549fe86cdd0f9e5a7499758ef5b917d61f2dc4-1.png\",\"width\":220,\"height\":220,\"caption\":\"Solidsport\"},\"image\":{\"@id\":\"https:\/\/grata.templweb.com\/sv\/#\/schema\/logo\/image\/\"},\"sameAs\":[\"https:\/\/www.facebook.com\/solidsportsverige\",\"https:\/\/www.instagram.com\/solidsport_sverige\/\",\"https:\/\/www.linkedin.com\/company\/solidsportcom\/\"]}]}<\/script>\n<!-- \/ Yoast SEO plugin. -->","yoast_head_json":{"title":"Solidsport \u2013 Produkt &amp; L\u00f6sungen -","description":"Solidsport bietet eine komplette und ma\u00dfgeschneiderte Sport-Streaming-Plattform f\u00fcr Medienrechteinhaber, Sportverb\u00e4nde, Ligen und Vereine.","robots":{"index":"noindex","follow":"follow","max-snippet":"max-snippet:-1","max-image-preview":"max-image-preview:large","max-video-preview":"max-video-preview:-1"},"og_locale":"fi_FI","og_type":"article","og_title":"Solidsport \u2013 Produkt &amp; L\u00f6sungen -","og_description":"Solidsport bietet eine komplette und ma\u00dfgeschneiderte Sport-Streaming-Plattform f\u00fcr Medienrechteinhaber, Sportverb\u00e4nde, Ligen und Vereine.","og_url":"https:\/\/grata.templweb.com\/sv\/solidsport-produkt-loesungen\/","og_site_name":"Solidsport - All sports. Everywhere.","article_publisher":"https:\/\/www.facebook.com\/solidsportsverige","og_image":[{"width":220,"height":220,"url":"https:\/\/grata.templweb.com\/wp-content\/uploads\/2020\/12\/logo_square_110@2x-81032e94e2ccc34840ec67ff70549fe86cdd0f9e5a7499758ef5b917d61f2dc4-1.png","type":"image\/png"}],"twitter_card":"summary_large_image","schema":{"@context":"https:\/\/schema.org","@graph":[{"@type":"WebPage","@id":"https:\/\/grata.templweb.com\/sv\/solidsport-produkt-loesungen\/","url":"https:\/\/grata.templweb.com\/sv\/solidsport-produkt-loesungen\/","name":"Solidsport \u2013 Produkt &amp; L\u00f6sungen -","isPartOf":{"@id":"https:\/\/grata.templweb.com\/sv\/#website"},"datePublished":"2023-04-20T10:44:06+00:00","description":"Solidsport bietet eine komplette und ma\u00dfgeschneiderte Sport-Streaming-Plattform f\u00fcr Medienrechteinhaber, Sportverb\u00e4nde, Ligen und Vereine.","breadcrumb":{"@id":"https:\/\/grata.templweb.com\/sv\/solidsport-produkt-loesungen\/#breadcrumb"},"inLanguage":"fi","potentialAction":[{"@type":"ReadAction","target":["https:\/\/grata.templweb.com\/sv\/solidsport-produkt-loesungen\/"]}]},{"@type":"BreadcrumbList","@id":"https:\/\/grata.templweb.com\/sv\/solidsport-produkt-loesungen\/#breadcrumb","itemListElement":[{"@type":"ListItem","position":1,"name":"Hem","item":"https:\/\/grata.templweb.com\/sv\/"},{"@type":"ListItem","position":2,"name":"Solidsport \u2013 Produkt &amp; L\u00f6sungen"}]},{"@type":"WebSite","@id":"https:\/\/grata.templweb.com\/sv\/#website","url":"https:\/\/grata.templweb.com\/sv\/","name":"Solidsport - All sports. Everywhere.","description":"Broadcast your sport. Earn money for the team.","publisher":{"@id":"https:\/\/grata.templweb.com\/sv\/#organization"},"potentialAction":[{"@type":"SearchAction","target":{"@type":"EntryPoint","urlTemplate":"https:\/\/grata.templweb.com\/sv\/?s={search_term_string}"},"query-input":{"@type":"PropertyValueSpecification","valueRequired":true,"valueName":"search_term_string"}}],"inLanguage":"fi"},{"@type":"Organization","@id":"https:\/\/grata.templweb.com\/sv\/#organization","name":"Solidsport","url":"https:\/\/grata.templweb.com\/sv\/","logo":{"@type":"ImageObject","inLanguage":"fi","@id":"https:\/\/grata.templweb.com\/sv\/#\/schema\/logo\/image\/","url":"https:\/\/grata.templweb.com\/wp-content\/uploads\/2020\/12\/logo_square_110@2x-81032e94e2ccc34840ec67ff70549fe86cdd0f9e5a7499758ef5b917d61f2dc4-1.png","contentUrl":"https:\/\/grata.templweb.com\/wp-content\/uploads\/2020\/12\/logo_square_110@2x-81032e94e2ccc34840ec67ff70549fe86cdd0f9e5a7499758ef5b917d61f2dc4-1.png","width":220,"height":220,"caption":"Solidsport"},"image":{"@id":"https:\/\/grata.templweb.com\/sv\/#\/schema\/logo\/image\/"},"sameAs":["https:\/\/www.facebook.com\/solidsportsverige","https:\/\/www.instagram.com\/solidsport_sverige\/","https:\/\/www.linkedin.com\/company\/solidsportcom\/"]}]}},"_links":{"self":[{"href":"https:\/\/grata.templweb.com\/fi\/wp-json\/wp\/v2\/pages\/75709","targetHints":{"allow":["GET"]}}],"collection":[{"href":"https:\/\/grata.templweb.com\/fi\/wp-json\/wp\/v2\/pages"}],"about":[{"href":"https:\/\/grata.templweb.com\/fi\/wp-json\/wp\/v2\/types\/page"}],"author":[{"embeddable":true,"href":"https:\/\/grata.templweb.com\/fi\/wp-json\/wp\/v2\/users\/1"}],"replies":[{"embeddable":true,"href":"https:\/\/grata.templweb.com\/fi\/wp-json\/wp\/v2\/comments?post=75709"}],"version-history":[{"count":0,"href":"https:\/\/grata.templweb.com\/fi\/wp-json\/wp\/v2\/pages\/75709\/revisions"}],"wp:attachment":[{"href":"https:\/\/grata.templweb.com\/fi\/wp-json\/wp\/v2\/media?parent=75709"}],"curies":[{"name":"wp","href":"https:\/\/api.w.org\/{rel}","templated":true}]}}